{"id":12,"date":"2026-03-18T15:18:28","date_gmt":"2026-03-18T15:18:28","guid":{"rendered":"https:\/\/centredebellesamarisol.rkinformatika.online\/wordpress\/?page_id=12"},"modified":"2026-04-16T07:49:30","modified_gmt":"2026-04-16T07:49:30","slug":"contacte","status":"publish","type":"page","link":"https:\/\/centredebellesamarisol.com\/es\/contacte\/","title":{"rendered":"Contacto"},"content":{"rendered":"\t\t<div data-elementor-type=\"wp-page\" data-elementor-id=\"12\" class=\"elementor elementor-12\" data-elementor-post-type=\"page\">\n\t\t\t\t<div class=\"elementor-element elementor-element-b5dcc35 e-con-full e-flex e-con e-parent\" data-id=\"b5dcc35\" data-element_type=\"container\" data-e-type=\"container\" data-settings=\"{&quot;background_background&quot;:&quot;classic&quot;}\">\n\t\t\t\t<\/div>\n\t\t<div class=\"elementor-element elementor-element-574ecf6 e-flex e-con-boxed e-con e-parent\" data-id=\"574ecf6\" data-element_type=\"container\" data-e-type=\"container\" data-settings=\"{&quot;background_background&quot;:&quot;classic&quot;}\">\n\t\t\t\t\t<div class=\"e-con-inner\">\n\t\t<div class=\"elementor-element elementor-element-09390f1 e-con-full e-flex elementor-invisible e-con e-child\" data-id=\"09390f1\" data-element_type=\"container\" data-e-type=\"container\" data-settings=\"{&quot;background_background&quot;:&quot;classic&quot;,&quot;animation&quot;:&quot;fadeInLeft&quot;}\">\n\t\t\t\t<div class=\"elementor-element elementor-element-aad9ebb elementor-widget__width-inherit elementor-widget elementor-widget-heading\" data-id=\"aad9ebb\" data-element_type=\"widget\" data-e-type=\"widget\" data-widget_type=\"heading.default\">\n\t\t\t\t\t<h2 class=\"elementor-heading-title elementor-size-default\">Informaci\u00f3 general<\/h2>\t\t\t\t<\/div>\n\t\t\t\t<div class=\"elementor-element elementor-element-5b9181f elementor-widget__width-inherit elementor-widget elementor-widget-heading\" data-id=\"5b9181f\" data-element_type=\"widget\" data-e-type=\"widget\" data-widget_type=\"heading.default\">\n\t\t\t\t\t<h2 class=\"elementor-heading-title elementor-size-default\">Tel\u00e8fon<\/h2>\t\t\t\t<\/div>\n\t\t\t\t<div class=\"elementor-element elementor-element-23bebe3 elementor-widget elementor-widget-heading\" data-id=\"23bebe3\" data-element_type=\"widget\" data-e-type=\"widget\" data-widget_type=\"heading.default\">\n\t\t\t\t\t<h2 class=\"elementor-heading-title elementor-size-default\"><a href=\"https:\/\/api.whatsapp.com\/send\/?phone=34661274478&#038;text&#038;type=phone_number&#038;app_absent=0\">+34 661 274 478<\/a><\/h2>\t\t\t\t<\/div>\n\t\t\t\t<div class=\"elementor-element elementor-element-4d69528 elementor-widget-divider--view-line elementor-widget elementor-widget-divider\" data-id=\"4d69528\" data-element_type=\"widget\" data-e-type=\"widget\" data-widget_type=\"divider.default\">\n\t\t\t\t\t\t\t<div class=\"elementor-divider\">\n\t\t\t<span class=\"elementor-divider-separator\">\n\t\t\t\t\t\t<\/span>\n\t\t<\/div>\n\t\t\t\t\t\t<\/div>\n\t\t\t\t<div class=\"elementor-element elementor-element-87c161d elementor-widget__width-inherit elementor-widget elementor-widget-heading\" data-id=\"87c161d\" data-element_type=\"widget\" data-e-type=\"widget\" data-widget_type=\"heading.default\">\n\t\t\t\t\t<h2 class=\"elementor-heading-title elementor-size-default\">Correu electr\u00f2nic\n<\/h2>\t\t\t\t<\/div>\n\t\t\t\t<div class=\"elementor-element elementor-element-ec754c4 elementor-widget elementor-widget-heading\" data-id=\"ec754c4\" data-element_type=\"widget\" data-e-type=\"widget\" data-widget_type=\"heading.default\">\n\t\t\t\t\t<h2 class=\"elementor-heading-title elementor-size-default\">contacto@centremarisol.com<\/h2>\t\t\t\t<\/div>\n\t\t\t\t<div class=\"elementor-element elementor-element-79fbce2 elementor-widget-divider--view-line elementor-widget elementor-widget-divider\" data-id=\"79fbce2\" data-element_type=\"widget\" data-e-type=\"widget\" data-widget_type=\"divider.default\">\n\t\t\t\t\t\t\t<div class=\"elementor-divider\">\n\t\t\t<span class=\"elementor-divider-separator\">\n\t\t\t\t\t\t<\/span>\n\t\t<\/div>\n\t\t\t\t\t\t<\/div>\n\t\t\t\t<div class=\"elementor-element elementor-element-3044114 elementor-widget__width-inherit elementor-widget elementor-widget-heading\" data-id=\"3044114\" data-element_type=\"widget\" data-e-type=\"widget\" data-widget_type=\"heading.default\">\n\t\t\t\t\t<h2 class=\"elementor-heading-title elementor-size-default\">Adre\u00e7a\n<\/h2>\t\t\t\t<\/div>\n\t\t\t\t<div class=\"elementor-element elementor-element-cf74d90 elementor-widget elementor-widget-heading\" data-id=\"cf74d90\" data-element_type=\"widget\" data-e-type=\"widget\" data-widget_type=\"heading.default\">\n\t\t\t\t\t<h2 class=\"elementor-heading-title elementor-size-default\">C\/Major, 13, 17469, Forti\u00e0 (Girona)<\/h2>\t\t\t\t<\/div>\n\t\t\t\t<div class=\"elementor-element elementor-element-8ce0ace elementor-widget-divider--view-line elementor-widget elementor-widget-divider\" data-id=\"8ce0ace\" data-element_type=\"widget\" data-e-type=\"widget\" data-widget_type=\"divider.default\">\n\t\t\t\t\t\t\t<div class=\"elementor-divider\">\n\t\t\t<span class=\"elementor-divider-separator\">\n\t\t\t\t\t\t<\/span>\n\t\t<\/div>\n\t\t\t\t\t\t<\/div>\n\t\t\t\t<div class=\"elementor-element elementor-element-355db8e elementor-widget__width-inherit elementor-widget elementor-widget-heading\" data-id=\"355db8e\" data-element_type=\"widget\" data-e-type=\"widget\" data-widget_type=\"heading.default\">\n\t\t\t\t\t<h2 class=\"elementor-heading-title elementor-size-default\">Horario<\/h2>\t\t\t\t<\/div>\n\t\t\t\t<div class=\"elementor-element elementor-element-91d0fe5 elementor-widget elementor-widget-heading\" data-id=\"91d0fe5\" data-element_type=\"widget\" data-e-type=\"widget\" data-widget_type=\"heading.default\">\n\t\t\t\t\t<h2 class=\"elementor-heading-title elementor-size-default\">Dilluns: tancat <br>\nDimarts a divendres: 9:00 \u2013 13:00 \/ 15:00 \u2013 19:00<br>\nDissabtes: 9:00 \u2013 14:00 <br>\nDiumenge: tancat<br><br>\nHORES CONVINGUDES\n<\/h2>\t\t\t\t<\/div>\n\t\t\t\t<\/div>\n\t\t<div class=\"elementor-element elementor-element-acf1989 e-con-full e-flex elementor-invisible e-con e-child\" data-id=\"acf1989\" data-element_type=\"container\" data-e-type=\"container\" data-settings=\"{&quot;animation&quot;:&quot;fadeInRight&quot;}\">\n\t\t\t\t<div class=\"elementor-element elementor-element-de3c544 elementor-widget__width-inherit elementor-widget elementor-widget-heading\" data-id=\"de3c544\" data-element_type=\"widget\" data-e-type=\"widget\" data-widget_type=\"heading.default\">\n\t\t\t\t\t<h2 class=\"elementor-heading-title elementor-size-default\">Tens dubtes o vols reservar?\n<\/h2>\t\t\t\t<\/div>\n\t\t\t\t<div class=\"elementor-element elementor-element-fd5a051 elementor-widget elementor-widget-text-editor\" data-id=\"fd5a051\" data-element_type=\"widget\" data-e-type=\"widget\" data-widget_type=\"text-editor.default\">\n\t\t\t\t\t\t\t\t\t<p>Contacta amb nosaltres, estarem encantats d\u2019ajudar-te!<\/p>\t\t\t\t\t\t\t\t<\/div>\n\t\t\t\t<div class=\"elementor-element elementor-element-7e09f8b elementor-button-align-start elementor-widget__width-initial elementor-widget elementor-widget-form\" data-id=\"7e09f8b\" data-element_type=\"widget\" data-e-type=\"widget\" data-settings=\"{&quot;button_width&quot;:&quot;50&quot;,&quot;step_next_label&quot;:&quot;Next&quot;,&quot;step_previous_label&quot;:&quot;Previous&quot;,&quot;step_type&quot;:&quot;number_text&quot;,&quot;step_icon_shape&quot;:&quot;circle&quot;}\" data-widget_type=\"form.default\">\n\t\t\t\t\t\t\t<form class=\"elementor-form\" method=\"post\" name=\"Contacto ContactoPage\" aria-label=\"Contacto ContactoPage\">\n\t\t\t<input type=\"hidden\" name=\"post_id\" value=\"12\"\/>\n\t\t\t<input type=\"hidden\" name=\"form_id\" value=\"7e09f8b\"\/>\n\t\t\t<input type=\"hidden\" name=\"referer_title\" value=\"Contacte - Centre de Bellesa Marisol\" \/>\n\n\t\t\t\t\t\t\t<input type=\"hidden\" name=\"queried_id\" value=\"12\"\/>\n\t\t\t\n\t\t\t<div class=\"elementor-form-fields-wrapper elementor-labels-\">\n\t\t\t\t\t\t\t\t<div class=\"elementor-field-type-text elementor-field-group elementor-column elementor-field-group-name elementor-col-100 elementor-field-required\">\n\t\t\t\t\t\t\t\t\t\t\t\t<label for=\"form-field-name\" class=\"elementor-field-label elementor-screen-only\">\n\t\t\t\t\t\t\t\tName\t\t\t\t\t\t\t<\/label>\n\t\t\t\t\t\t\t\t\t\t\t\t\t\t<input size=\"1\" type=\"text\" name=\"form_fields[name]\" id=\"form-field-name\" class=\"elementor-field elementor-size-sm  elementor-field-textual\" placeholder=\"Nom\" required=\"required\">\n\t\t\t\t\t\t\t\t\t\t\t<\/div>\n\t\t\t\t\t\t\t\t<div class=\"elementor-field-type-email elementor-field-group elementor-column elementor-field-group-email elementor-col-33 elementor-field-required\">\n\t\t\t\t\t\t\t\t\t\t\t\t<label for=\"form-field-email\" class=\"elementor-field-label elementor-screen-only\">\n\t\t\t\t\t\t\t\tEmail\t\t\t\t\t\t\t<\/label>\n\t\t\t\t\t\t\t\t\t\t\t\t\t\t<input size=\"1\" type=\"email\" name=\"form_fields[email]\" id=\"form-field-email\" class=\"elementor-field elementor-size-sm  elementor-field-textual\" placeholder=\"Email\" required=\"required\">\n\t\t\t\t\t\t\t\t\t\t\t<\/div>\n\t\t\t\t\t\t\t\t<div class=\"elementor-field-type-tel elementor-field-group elementor-column elementor-field-group-movil elementor-col-33 elementor-field-required\">\n\t\t\t\t\t\t\t\t\t\t\t\t<label for=\"form-field-movil\" class=\"elementor-field-label elementor-screen-only\">\n\t\t\t\t\t\t\t\tM\u00f3vil\t\t\t\t\t\t\t<\/label>\n\t\t\t\t\t\t\t\t<input size=\"1\" type=\"tel\" name=\"form_fields[movil]\" id=\"form-field-movil\" class=\"elementor-field elementor-size-sm  elementor-field-textual\" placeholder=\"M\u00f2bil\" required=\"required\" pattern=\"[0-9()#&amp;+*-=.]+\" title=\"Only numbers and phone characters (#, -, *, etc) are accepted.\">\n\n\t\t\t\t\t\t<\/div>\n\t\t\t\t\t\t\t\t<div class=\"elementor-field-type-text elementor-field-group elementor-column elementor-field-group-field_176c31e elementor-col-33 elementor-field-required\">\n\t\t\t\t\t\t\t\t\t\t\t\t<label for=\"form-field-field_176c31e\" class=\"elementor-field-label elementor-screen-only\">\n\t\t\t\t\t\t\t\tTema\t\t\t\t\t\t\t<\/label>\n\t\t\t\t\t\t\t\t\t\t\t\t\t\t<input size=\"1\" type=\"text\" name=\"form_fields[field_176c31e]\" id=\"form-field-field_176c31e\" class=\"elementor-field elementor-size-sm  elementor-field-textual\" placeholder=\"Tema\" required=\"required\">\n\t\t\t\t\t\t\t\t\t\t\t<\/div>\n\t\t\t\t\t\t\t\t<div class=\"elementor-field-type-textarea elementor-field-group elementor-column elementor-field-group-field_5d08d9b elementor-col-100 elementor-field-required\">\n\t\t\t\t\t\t\t\t\t\t\t\t<label for=\"form-field-field_5d08d9b\" class=\"elementor-field-label elementor-screen-only\">\n\t\t\t\t\t\t\t\tMensaje\t\t\t\t\t\t\t<\/label>\n\t\t\t\t\t\t<textarea class=\"elementor-field-textual elementor-field  elementor-size-sm\" name=\"form_fields[field_5d08d9b]\" id=\"form-field-field_5d08d9b\" rows=\"4\" placeholder=\"Missatge\" required=\"required\"><\/textarea>\t\t\t\t<\/div>\n\t\t\t\t\t\t\t\t<div class=\"elementor-field-type-checkbox elementor-field-group elementor-column elementor-field-group-field_5de6374 elementor-col-100\">\n\t\t\t\t\t\t\t\t\t\t\t\t<label for=\"form-field-field_5de6374\" class=\"elementor-field-label elementor-screen-only\">\n\t\t\t\t\t\t\t\tHe llegit\t\t\t\t\t\t\t<\/label>\n\t\t\t\t\t\t<div class=\"elementor-field-subgroup  \"><span class=\"elementor-field-option\"><input type=\"checkbox\" value=\"He llegit i accepto la Pol\u00edtica de Privacitat\" id=\"form-field-field_5de6374-0\" name=\"form_fields[field_5de6374]\"> <label for=\"form-field-field_5de6374-0\">He llegit i accepto la Pol\u00edtica de Privacitat<\/label><\/span><\/div>\t\t\t\t<\/div>\n\t\t\t\t\t\t\t\t<div class=\"elementor-field-type-html elementor-field-group elementor-column elementor-field-group-field_3c2297f elementor-col-100\">\n\t\t\t\t\t<a href=\"\/politicas-de-cookies\"\n   onclick=\"window.open(this.href,'privacidad','width=800,height=600'); return false;\"\n   style=\"text-decoration: none;\">\nVer Pol\u00edtica de Privacidad\n<\/a>\t\t\t\t<\/div>\n\t\t\t\t\t\t\t\t<div class=\"elementor-field-type-recaptcha_v3 elementor-field-group elementor-column elementor-field-group-field_9e00c78 elementor-col-100 recaptcha_v3-bottomright\">\n\t\t\t\t\t<div class=\"elementor-field\" id=\"form-field-field_9e00c78\"><div class=\"elementor-g-recaptcha\" data-sitekey=\"6LcW2Y4sAAAAACPcMajeanqDa5OcqFO7gvZGR7eG\" data-type=\"v3\" data-action=\"Form\" data-badge=\"bottomright\" data-size=\"invisible\"><\/div><\/div>\t\t\t\t<\/div>\n\t\t\t\t\t\t\t\t<div class=\"elementor-field-group elementor-column elementor-field-type-submit elementor-col-50 e-form__buttons\">\n\t\t\t\t\t<button class=\"elementor-button elementor-size-sm\" type=\"submit\">\n\t\t\t\t\t\t<span class=\"elementor-button-content-wrapper\">\n\t\t\t\t\t\t\t\t\t\t\t\t\t\t\t<span class=\"elementor-button-icon\">\n\t\t\t\t\t\t\t\t\t<svg aria-hidden=\"true\" class=\"e-font-icon-svg e-fas-paper-plane\" viewBox=\"0 0 512 512\" xmlns=\"http:\/\/www.w3.org\/2000\/svg\"><path d=\"M476 3.2L12.5 270.6c-18.1 10.4-15.8 35.6 2.2 43.2L121 358.4l287.3-253.2c5.5-4.9 13.3 2.6 8.6 8.3L176 407v80.5c0 23.6 28.5 32.9 42.5 15.8L282 426l124.6 52.2c14.2 6 30.4-2.9 33-18.2l72-432C515 7.8 493.3-6.8 476 3.2z\"><\/path><\/svg>\t\t\t\t\t\t\t\t\t\t\t\t\t\t\t\t\t<\/span>\n\t\t\t\t\t\t\t\t\t\t\t\t\t\t\t\t\t\t\t\t\t\t<span class=\"elementor-button-text\">Enviar<\/span>\n\t\t\t\t\t\t\t\t\t\t\t\t\t<\/span>\n\t\t\t\t\t<\/button>\n\t\t\t\t<\/div>\n\t\t\t<\/div>\n\t\t<\/form>\n\t\t\t\t\t\t<\/div>\n\t\t\t\t<\/div>\n\t\t\t\t\t<\/div>\n\t\t\t\t<\/div>\n\t\t<div class=\"elementor-element elementor-element-eb51669 e-flex e-con-boxed e-con e-parent\" data-id=\"eb51669\" data-element_type=\"container\" data-e-type=\"container\">\n\t\t\t\t\t<div class=\"e-con-inner\">\n\t\t\t\t<div class=\"elementor-element elementor-element-01e320f animated-slow elementor-invisible elementor-widget elementor-widget-google_maps\" data-id=\"01e320f\" data-element_type=\"widget\" data-e-type=\"widget\" data-settings=\"{&quot;_animation&quot;:&quot;fadeInUp&quot;}\" data-widget_type=\"google_maps.default\">\n\t\t\t\t\t\t\t<div class=\"elementor-custom-embed\">\n\t\t\t<iframe loading=\"lazy\"\n\t\t\t\t\tsrc=\"https:\/\/maps.google.com\/maps?q=Centre%20de%20Bellesa%20Marisol%20C%2F%20Major%2C%2013%2017469%20Forti%C3%A0%20%28Girona%29&#038;t=m&#038;z=12&#038;output=embed&#038;iwloc=near\"\n\t\t\t\t\ttitle=\"Centre de Bellesa Marisol C\/ Major, 13 17469 Forti\u00e0 (Girona)\"\n\t\t\t\t\taria-label=\"Centre de Bellesa Marisol C\/ Major, 13 17469 Forti\u00e0 (Girona)\"\n\t\t\t><\/iframe>\n\t\t<\/div>\n\t\t\t\t\t\t<\/div>\n\t\t\t\t\t<\/div>\n\t\t\t\t<\/div>\n\t\t\t\t<\/div>\n\t\t","protected":false},"excerpt":{"rendered":"<p>Informaci\u00f3 general Tel\u00e8fon +34 661 274 478 Correu electr\u00f2nic contacto@centremarisol.com Adre\u00e7a C\/Major, 13, 17469, Forti\u00e0 (Girona) Horario Dilluns: tancat Dimarts a divendres: 9:00 \u2013 13:00 \/ 15:00 \u2013 19:00 Dissabtes: 9:00 \u2013 14:00 Diumenge: tancat HORES CONVINGUDES Tens dubtes o vols reservar? Contacta amb nosaltres, estarem encantats d\u2019ajudar-te!<\/p>","protected":false},"author":1,"featured_media":0,"parent":0,"menu_order":0,"comment_status":"closed","ping_status":"closed","template":"elementor_canvas","meta":{"footnotes":""},"class_list":["post-12","page","type-page","status-publish","hentry"],"yoast_head":"<!-- This site is optimized with the Yoast SEO plugin v27.4 - https:\/\/yoast.com\/product\/yoast-seo-wordpress\/ -->\n<title>Contacte - Centre de Bellesa Marisol<\/title>\n<meta name=\"robots\" content=\"index, follow, max-snippet:-1, max-image-preview:large, max-video-preview:-1\" \/>\n<link rel=\"canonical\" href=\"https:\/\/centredebellesamarisol.com\/es\/contacte\/\" \/>\n<meta property=\"og:locale\" content=\"es_ES\" \/>\n<meta property=\"og:type\" content=\"article\" \/>\n<meta property=\"og:title\" content=\"Contacte - Centre de Bellesa Marisol\" \/>\n<meta property=\"og:description\" content=\"Informaci\u00f3 general Tel\u00e8fon +34 661 274 478 Correu electr\u00f2nic contacto@centremarisol.com Adre\u00e7a C\/Major, 13, 17469, Forti\u00e0 (Girona) Horario Dilluns: tancat Dimarts a divendres: 9:00 \u2013 13:00 \/ 15:00 \u2013 19:00 Dissabtes: 9:00 \u2013 14:00 Diumenge: tancat HORES CONVINGUDES Tens dubtes o vols reservar? Contacta amb nosaltres, estarem encantats d\u2019ajudar-te!\" \/>\n<meta property=\"og:url\" content=\"https:\/\/centredebellesamarisol.com\/es\/contacte\/\" \/>\n<meta property=\"og:site_name\" content=\"Centre de Bellesa Marisol\" \/>\n<meta property=\"article:modified_time\" content=\"2026-04-16T07:49:30+00:00\" \/>\n<meta name=\"twitter:card\" content=\"summary_large_image\" \/>\n<meta name=\"twitter:label1\" content=\"Tiempo de lectura\" \/>\n\t<meta name=\"twitter:data1\" content=\"1 minuto\" \/>\n<script type=\"application\/ld+json\" class=\"yoast-schema-graph\">{\"@context\":\"https:\\\/\\\/schema.org\",\"@graph\":[{\"@type\":\"WebPage\",\"@id\":\"https:\\\/\\\/centredebellesamarisol.com\\\/contacte\\\/\",\"url\":\"https:\\\/\\\/centredebellesamarisol.com\\\/contacte\\\/\",\"name\":\"Contacte - Centre de Bellesa Marisol\",\"isPartOf\":{\"@id\":\"https:\\\/\\\/centredebellesamarisol.com\\\/#website\"},\"datePublished\":\"2026-03-18T15:18:28+00:00\",\"dateModified\":\"2026-04-16T07:49:30+00:00\",\"breadcrumb\":{\"@id\":\"https:\\\/\\\/centredebellesamarisol.com\\\/contacte\\\/#breadcrumb\"},\"inLanguage\":\"es\",\"potentialAction\":[{\"@type\":\"ReadAction\",\"target\":[\"https:\\\/\\\/centredebellesamarisol.com\\\/contacte\\\/\"]}]},{\"@type\":\"BreadcrumbList\",\"@id\":\"https:\\\/\\\/centredebellesamarisol.com\\\/contacte\\\/#breadcrumb\",\"itemListElement\":[{\"@type\":\"ListItem\",\"position\":1,\"name\":\"Portada\",\"item\":\"https:\\\/\\\/centredebellesamarisol.com\\\/\"},{\"@type\":\"ListItem\",\"position\":2,\"name\":\"Contacte\"}]},{\"@type\":\"WebSite\",\"@id\":\"https:\\\/\\\/centredebellesamarisol.com\\\/#website\",\"url\":\"https:\\\/\\\/centredebellesamarisol.com\\\/\",\"name\":\"Centre de Bellesa Marisol\",\"description\":\"\",\"publisher\":{\"@id\":\"https:\\\/\\\/centredebellesamarisol.com\\\/#organization\"},\"potentialAction\":[{\"@type\":\"SearchAction\",\"target\":{\"@type\":\"EntryPoint\",\"urlTemplate\":\"https:\\\/\\\/centredebellesamarisol.com\\\/?s={search_term_string}\"},\"query-input\":{\"@type\":\"PropertyValueSpecification\",\"valueRequired\":true,\"valueName\":\"search_term_string\"}}],\"inLanguage\":\"es\"},{\"@type\":\"Organization\",\"@id\":\"https:\\\/\\\/centredebellesamarisol.com\\\/#organization\",\"name\":\"Centre de Bellesa Marisol\",\"url\":\"https:\\\/\\\/centredebellesamarisol.com\\\/\",\"logo\":{\"@type\":\"ImageObject\",\"inLanguage\":\"es\",\"@id\":\"https:\\\/\\\/centredebellesamarisol.com\\\/#\\\/schema\\\/logo\\\/image\\\/\",\"url\":\"https:\\\/\\\/centredebellesamarisol.com\\\/wp-content\\\/uploads\\\/2026\\\/03\\\/bellesamarisol202601_logo_web.png\",\"contentUrl\":\"https:\\\/\\\/centredebellesamarisol.com\\\/wp-content\\\/uploads\\\/2026\\\/03\\\/bellesamarisol202601_logo_web.png\",\"width\":2250,\"height\":1489,\"caption\":\"Centre de Bellesa Marisol\"},\"image\":{\"@id\":\"https:\\\/\\\/centredebellesamarisol.com\\\/#\\\/schema\\\/logo\\\/image\\\/\"}}]}<\/script>\n<!-- \/ Yoast SEO plugin. -->","yoast_head_json":{"title":"Contacte - Centre de Bellesa Marisol","robots":{"index":"index","follow":"follow","max-snippet":"max-snippet:-1","max-image-preview":"max-image-preview:large","max-video-preview":"max-video-preview:-1"},"canonical":"https:\/\/centredebellesamarisol.com\/es\/contacte\/","og_locale":"es_ES","og_type":"article","og_title":"Contacte - Centre de Bellesa Marisol","og_description":"Informaci\u00f3 general Tel\u00e8fon +34 661 274 478 Correu electr\u00f2nic contacto@centremarisol.com Adre\u00e7a C\/Major, 13, 17469, Forti\u00e0 (Girona) Horario Dilluns: tancat Dimarts a divendres: 9:00 \u2013 13:00 \/ 15:00 \u2013 19:00 Dissabtes: 9:00 \u2013 14:00 Diumenge: tancat HORES CONVINGUDES Tens dubtes o vols reservar? Contacta amb nosaltres, estarem encantats d\u2019ajudar-te!","og_url":"https:\/\/centredebellesamarisol.com\/es\/contacte\/","og_site_name":"Centre de Bellesa Marisol","article_modified_time":"2026-04-16T07:49:30+00:00","twitter_card":"summary_large_image","twitter_misc":{"Tiempo de lectura":"1 minuto"},"schema":{"@context":"https:\/\/schema.org","@graph":[{"@type":"WebPage","@id":"https:\/\/centredebellesamarisol.com\/contacte\/","url":"https:\/\/centredebellesamarisol.com\/contacte\/","name":"Contacte - Centre de Bellesa Marisol","isPartOf":{"@id":"https:\/\/centredebellesamarisol.com\/#website"},"datePublished":"2026-03-18T15:18:28+00:00","dateModified":"2026-04-16T07:49:30+00:00","breadcrumb":{"@id":"https:\/\/centredebellesamarisol.com\/contacte\/#breadcrumb"},"inLanguage":"es","potentialAction":[{"@type":"ReadAction","target":["https:\/\/centredebellesamarisol.com\/contacte\/"]}]},{"@type":"BreadcrumbList","@id":"https:\/\/centredebellesamarisol.com\/contacte\/#breadcrumb","itemListElement":[{"@type":"ListItem","position":1,"name":"Portada","item":"https:\/\/centredebellesamarisol.com\/"},{"@type":"ListItem","position":2,"name":"Contacte"}]},{"@type":"WebSite","@id":"https:\/\/centredebellesamarisol.com\/#website","url":"https:\/\/centredebellesamarisol.com\/","name":"Centro de Belleza Marisol","description":"","publisher":{"@id":"https:\/\/centredebellesamarisol.com\/#organization"},"potentialAction":[{"@type":"SearchAction","target":{"@type":"EntryPoint","urlTemplate":"https:\/\/centredebellesamarisol.com\/?s={search_term_string}"},"query-input":{"@type":"PropertyValueSpecification","valueRequired":true,"valueName":"search_term_string"}}],"inLanguage":"es"},{"@type":"Organization","@id":"https:\/\/centredebellesamarisol.com\/#organization","name":"Centro de Belleza Marisol","url":"https:\/\/centredebellesamarisol.com\/","logo":{"@type":"ImageObject","inLanguage":"es","@id":"https:\/\/centredebellesamarisol.com\/#\/schema\/logo\/image\/","url":"https:\/\/centredebellesamarisol.com\/wp-content\/uploads\/2026\/03\/bellesamarisol202601_logo_web.png","contentUrl":"https:\/\/centredebellesamarisol.com\/wp-content\/uploads\/2026\/03\/bellesamarisol202601_logo_web.png","width":2250,"height":1489,"caption":"Centre de Bellesa Marisol"},"image":{"@id":"https:\/\/centredebellesamarisol.com\/#\/schema\/logo\/image\/"}}]}},"_links":{"self":[{"href":"https:\/\/centredebellesamarisol.com\/es\/wp-json\/wp\/v2\/pages\/12","targetHints":{"allow":["GET"]}}],"collection":[{"href":"https:\/\/centredebellesamarisol.com\/es\/wp-json\/wp\/v2\/pages"}],"about":[{"href":"https:\/\/centredebellesamarisol.com\/es\/wp-json\/wp\/v2\/types\/page"}],"author":[{"embeddable":true,"href":"https:\/\/centredebellesamarisol.com\/es\/wp-json\/wp\/v2\/users\/1"}],"replies":[{"embeddable":true,"href":"https:\/\/centredebellesamarisol.com\/es\/wp-json\/wp\/v2\/comments?post=12"}],"version-history":[{"count":77,"href":"https:\/\/centredebellesamarisol.com\/es\/wp-json\/wp\/v2\/pages\/12\/revisions"}],"predecessor-version":[{"id":487,"href":"https:\/\/centredebellesamarisol.com\/es\/wp-json\/wp\/v2\/pages\/12\/revisions\/487"}],"wp:attachment":[{"href":"https:\/\/centredebellesamarisol.com\/es\/wp-json\/wp\/v2\/media?parent=12"}],"curies":[{"name":"wp","href":"https:\/\/api.w.org\/{rel}","templated":true}]}}